{"id":1444,"date":"2016-01-19T18:50:08","date_gmt":"2016-01-20T02:50:08","guid":{"rendered":"http:\/\/staff.fullcoll.edu\/kkim\/?page_id=1444"},"modified":"2016-01-19T19:29:09","modified_gmt":"2016-01-20T03:29:09","slug":"spanish-102","status":"publish","type":"page","link":"https:\/\/staff.fullcoll.edu\/kkim\/spanish-102\/","title":{"rendered":"Spanish 102"},"content":{"rendered":"<p>[et_pb_section fullwidth=&#8221;on&#8221; specialty=&#8221;off&#8221;][et_pb_fullwidth_slider admin_label=&#8221;Fullwidth Slider&#8221; show_arrows=&#8221;on&#8221; show_pagination=&#8221;on&#8221; auto=&#8221;off&#8221; parallax=&#8221;off&#8221; parallax_method=&#8221;off&#8221;][et_pb_slide heading=&#8221;Espa\u00f1ol 102&#8243; background_color=&#8221;#8d1bf4&#8243; alignment=&#8221;center&#8221; background_layout=&#8221;dark&#8221; image=&#8221;http:\/\/staff.fullcoll.edu\/kkim\/wp-content\/uploads\/sites\/2\/2016\/01\/Naturaleza-4.jpg&#8221; background_image=&#8221;http:\/\/elegantthemesimages.com\/images\/premade\/d2-placeholder-1920.jpg&#8221; allow_player_pause=&#8221;off&#8221;]<\/p>\n<p>Los estudiantes de espa\u00f1ol 102 al final del semestre se forman en grupo y crean un comercial en espa\u00f1ol. Espero que se diviertan mucho mirando a mis lindos estudiantes.<\/p>\n<p>\u00a1Muchas gracias!<\/p>\n<p>Profesora<\/p>\n<p>&nbsp;<\/p>\n<p>[\/et_pb_slide][et_pb_slide heading=&#8221;Presentaci\u00f3n grupal: comercial en espa\u00f1ol&#8221; background_color=&#8221;#f84c48&#8243; alignment=&#8221;center&#8221; background_layout=&#8221;dark&#8221; allow_player_pause=&#8221;off&#8221; image=&#8221;http:\/\/staff.fullcoll.edu\/kkim\/wp-content\/uploads\/sites\/2\/2016\/01\/Naturaleza-3.jpg&#8221; \/][\/et_pb_fullwidth_slider][\/et_pb_section][et_pb_section][et_pb_row][et_pb_column type=&#8221;1_3&#8243;][et_pb_blurb admin_label=&#8221;Blurb&#8221; url_new_window=&#8221;on&#8221; use_icon=&#8221;on&#8221; icon_color=&#8221;#1004f2&#8243; use_circle=&#8221;on&#8221; circle_color=&#8221;#ffffff&#8221; use_circle_border=&#8221;off&#8221; circle_border_color=&#8221;#2ea3f2&#8243; icon_placement=&#8221;left&#8221; animation=&#8221;top&#8221; background_layout=&#8221;light&#8221; text_orientation=&#8221;center&#8221; url=&#8221;https:\/\/youtu.be\/UVHZCkccrGk&#8221; font_icon=&#8221;\ue024&#8221;]<\/p>\n<h2>Espa\u00f1ol 102<\/h2>\n<h3>Presentaci\u00f3n grupal<\/h3>\n<h3>T\u00edtulo del comercial: <em>\u00a1La pelota gorda!<\/em><\/h3>\n<p>[\/et_pb_blurb][\/et_pb_column][et_pb_column type=&#8221;1_3&#8243;][et_pb_blurb admin_label=&#8221;Blurb&#8221; url_new_window=&#8221;on&#8221; use_icon=&#8221;on&#8221; icon_color=&#8221;#000cf2&#8243; use_circle=&#8221;on&#8221; circle_color=&#8221;#ffffff&#8221; use_circle_border=&#8221;off&#8221; circle_border_color=&#8221;#2ea3f2&#8243; icon_placement=&#8221;left&#8221; animation=&#8221;top&#8221; background_layout=&#8221;light&#8221; text_orientation=&#8221;center&#8221; url=&#8221;https:\/\/youtu.be\/uoSIleWDQG8&#8243; font_icon=&#8221;\ue024&#8221;]<\/p>\n<h2>Espa\u00f1ol 102<\/h2>\n<h2>Presentaci\u00f3n grupal<\/h2>\n<h3>T\u00edtulo del comercial: <em>Amor y Mentiras<\/em><\/h3>\n<p>[\/et_pb_blurb][\/et_pb_column][et_pb_column type=&#8221;1_3&#8243;][et_pb_blurb admin_label=&#8221;Blurb&#8221; url_new_window=&#8221;on&#8221; use_icon=&#8221;on&#8221; icon_color=&#8221;#001cf2&#8243; use_circle=&#8221;on&#8221; circle_color=&#8221;#ffffff&#8221; use_circle_border=&#8221;off&#8221; circle_border_color=&#8221;#2ea3f2&#8243; image=&#8221;http:\/\/elegantthemesimages.com\/images\/premade\/d2-placeholder-320px.jpg&#8221; icon_placement=&#8221;left&#8221; animation=&#8221;top&#8221; background_layout=&#8221;light&#8221; text_orientation=&#8221;center&#8221; font_icon=&#8221;\ue024&#8221; url=&#8221;https:\/\/youtu.be\/qAaKO5JUhB0&#8243;]<\/p>\n<h2>Espa\u00f1ol 102<\/h2>\n<h2>Presentaci\u00f3n grupal<\/h2>\n<h3>T\u00edtulo del comercial: <i>\u00a1Glorioso!<\/i><\/h3>\n<p>[\/et_pb_blurb][\/et_pb_column][\/et_pb_row][et_pb_row][et_pb_column type=&#8221;4_4&#8243;][et_pb_image admin_label=&#8221;Image&#8221; show_in_lightbox=&#8221;off&#8221; url_new_window=&#8221;off&#8221; animation=&#8221;left&#8221; sticky=&#8221;off&#8221; url=&#8221;http:\/\/elegantthemesimages.com\/images\/premade\/d2-placeholder-1920.jpg&#8221; \/][\/et_pb_column][\/et_pb_row][\/et_pb_section]<\/p>\n","protected":false},"excerpt":{"rendered":"<p>Los estudiantes de espa\u00f1ol 102 al final del semestre se forman en grupo y crean un comercial en espa\u00f1ol. Espero que se diviertan mucho mirando a mis lindos estudiantes. \u00a1Muchas gracias! Profesora &nbsp; <div class=\"et_pb_section et_pb_section_0 et_section_regular\" >\n\t\t\t\t\n\t\t\t\t\n\t\t\t\t\n\t\t\t\t\n\t\t\t\t\n\t\t\t\t\n\t\t\t\t\n\t\t\t\t\n\t\t\t\t\n\t\t\t<\/div><div class=\"et_pb_row et_pb_row_0 et_pb_row_empty\">\n\t\t\t\t\n\t\t\t\t\n\t\t\t\t\n\t\t\t\t\n\t\t\t\t\n\t\t\t<\/div> Espa\u00f1ol 102 Presentaci\u00f3n grupal T\u00edtulo del comercial: \u00a1La pelota gorda! Espa\u00f1ol 102 Presentaci\u00f3n grupal T\u00edtulo del comercial: Amor y Mentiras Espa\u00f1ol [&hellip;]<\/p>\n","protected":false},"author":2,"featured_media":0,"parent":0,"menu_order":0,"comment_status":"closed","ping_status":"closed","template":"page-template-blank.php","meta":{"_et_pb_use_builder":"on","_et_pb_old_content":"","_et_gb_content_width":"","footnotes":""},"class_list":["post-1444","page","type-page","status-publish","hentry"],"_links":{"self":[{"href":"https:\/\/staff.fullcoll.edu\/kkim\/wp-json\/wp\/v2\/pages\/1444","targetHints":{"allow":["GET"]}}],"collection":[{"href":"https:\/\/staff.fullcoll.edu\/kkim\/wp-json\/wp\/v2\/pages"}],"about":[{"href":"https:\/\/staff.fullcoll.edu\/kkim\/wp-json\/wp\/v2\/types\/page"}],"author":[{"embeddable":true,"href":"https:\/\/staff.fullcoll.edu\/kkim\/wp-json\/wp\/v2\/users\/2"}],"replies":[{"embeddable":true,"href":"https:\/\/staff.fullcoll.edu\/kkim\/wp-json\/wp\/v2\/comments?post=1444"}],"version-history":[{"count":18,"href":"https:\/\/staff.fullcoll.edu\/kkim\/wp-json\/wp\/v2\/pages\/1444\/revisions"}],"predecessor-version":[{"id":1463,"href":"https:\/\/staff.fullcoll.edu\/kkim\/wp-json\/wp\/v2\/pages\/1444\/revisions\/1463"}],"wp:attachment":[{"href":"https:\/\/staff.fullcoll.edu\/kkim\/wp-json\/wp\/v2\/media?parent=1444"}],"curies":[{"name":"wp","href":"https:\/\/api.w.org\/{rel}","templated":true}]}}