{"id":721,"date":"2016-01-15T03:13:08","date_gmt":"2016-01-15T03:13:08","guid":{"rendered":"http:\/\/staff.fullcoll.edu\/kkim\/?page_id=721"},"modified":"2016-01-18T20:08:50","modified_gmt":"2016-01-19T04:08:50","slug":"courses-3-2","status":"publish","type":"page","link":"https:\/\/staff.fullcoll.edu\/kkim\/courses-3-2\/","title":{"rendered":"Personal"},"content":{"rendered":"<p>[et_pb_section fullwidth=&#8221;on&#8221; specialty=&#8221;off&#8221; background_color=&#8221;#f7f7f7&#8243; inner_shadow=&#8221;on&#8221; parallax=&#8221;off&#8221;][et_pb_fullwidth_slider admin_label=&#8221;Fullwidth Slider&#8221; show_arrows=&#8221;on&#8221; show_pagination=&#8221;on&#8221; auto=&#8221;off&#8221; parallax=&#8221;off&#8221; parallax_method=&#8221;off&#8221;][et_pb_slide background_color=&#8221;#ffffff&#8221; alignment=&#8221;center&#8221; background_layout=&#8221;dark&#8221; allow_player_pause=&#8221;off&#8221; background_image=&#8221;http:\/\/staff.fullcoll.edu\/kkim\/wp-content\/uploads\/sites\/2\/2016\/01\/cafe-de-grano.jpg&#8221;]<\/p>\n<h2>Las cosas que <span style=\"color: #ff0000\"><strong>le<\/strong><\/span> gustan a la profesora Kelly<\/h2>\n<p>[\/et_pb_slide][et_pb_slide heading=&#8221;Las verduras&#8221; background_color=&#8221;#ffffff&#8221; alignment=&#8221;center&#8221; background_layout=&#8221;dark&#8221; allow_player_pause=&#8221;off&#8221; background_image=&#8221;http:\/\/staff.fullcoll.edu\/kkim\/wp-content\/uploads\/sites\/2\/2016\/01\/verdura.jpg&#8221; \/][et_pb_slide heading=&#8221;Las frutas&#8221; background_color=&#8221;#ffffff&#8221; alignment=&#8221;center&#8221; background_layout=&#8221;dark&#8221; allow_player_pause=&#8221;off&#8221; background_image=&#8221;http:\/\/staff.fullcoll.edu\/kkim\/wp-content\/uploads\/sites\/2\/2016\/01\/bluberry.jpg&#8221; \/][et_pb_slide heading=&#8221;El pan&#8221; background_color=&#8221;#ffffff&#8221; alignment=&#8221;center&#8221; background_layout=&#8221;dark&#8221; allow_player_pause=&#8221;off&#8221; background_image=&#8221;http:\/\/staff.fullcoll.edu\/kkim\/wp-content\/uploads\/sites\/2\/2016\/01\/pan.jpg&#8221; \/][et_pb_slide heading=&#8221;El caf\u00e9&#8221; background_color=&#8221;#ffffff&#8221; alignment=&#8221;center&#8221; background_layout=&#8221;dark&#8221; allow_player_pause=&#8221;off&#8221; background_image=&#8221;http:\/\/staff.fullcoll.edu\/kkim\/wp-content\/uploads\/sites\/2\/2016\/01\/cafe-1.jpg&#8221; \/][\/et_pb_fullwidth_slider][et_pb_fullwidth_header admin_label=&#8221;Fullwidth Header&#8221; title=&#8221;\u00bfQu\u00e9 te gusta a ti? Me gusta\/gustan&#8230;&#8221; background_layout=&#8221;light&#8221; text_orientation=&#8221;left&#8221; \/][et_pb_fullwidth_slider admin_label=&#8221;Fullwidth Slider&#8221; show_arrows=&#8221;on&#8221; show_pagination=&#8221;on&#8221; auto=&#8221;off&#8221; parallax=&#8221;off&#8221; parallax_method=&#8221;off&#8221;][et_pb_slide background_color=&#8221;#9e5003&#8243; image=&#8221;http:\/\/staff.fullcoll.edu\/kkim\/wp-content\/uploads\/sites\/2\/2016\/01\/postre.jpg&#8221; alignment=&#8221;center&#8221; background_layout=&#8221;dark&#8221; allow_player_pause=&#8221;off&#8221;]<\/p>\n<h2>El postre<\/h2>\n<h3><span style=\"color: #ff0000\">Me<\/span> gust<span style=\"color: #0000ff\">a<\/span> <span style=\"color: #0000ff\">el postre<\/span>.<\/h3>\n<h3>No <span style=\"color: #ff0000\">me<\/span> gust<span style=\"color: #0000ff\">a<\/span>\u00a0el <span style=\"color: #0000ff\">postre<\/span>.<\/h3>\n<p>[\/et_pb_slide][et_pb_slide background_color=&#8221;#e55400&#8243; image=&#8221;http:\/\/staff.fullcoll.edu\/kkim\/wp-content\/uploads\/sites\/2\/2016\/01\/macaroon.jpg&#8221; alignment=&#8221;center&#8221; background_layout=&#8221;dark&#8221; allow_player_pause=&#8221;off&#8221;]<\/p>\n<h2>Los macarons<\/h2>\n<h3><span style=\"color: #ff0000\">Me<\/span> gusta<span style=\"color: #0000ff\">n los macarons<\/span><span style=\"color: #000000\">.<\/span><\/h3>\n<h3>No <span style=\"color: #ff0000\">me<\/span> gusta<span style=\"color: #0000ff\">n<\/span> <span style=\"color: #0000ff\">los macarons<\/span><span style=\"color: #000000\">.<\/span><\/h3>\n<p>[\/et_pb_slide][et_pb_slide background_color=&#8221;#adadad&#8221; image=&#8221;http:\/\/staff.fullcoll.edu\/kkim\/wp-content\/uploads\/sites\/2\/2016\/01\/cafe-con-flor.jpg&#8221; alignment=&#8221;center&#8221; background_layout=&#8221;dark&#8221; allow_player_pause=&#8221;off&#8221;]<\/p>\n<h2>El caf\u00e9<\/h2>\n<h3><span style=\"color: #ff0000\">Me<\/span> gust<span style=\"color: #0000ff\">a<\/span> <span style=\"color: #0000ff\">el caf\u00e9<\/span>.<\/h3>\n<h3><span style=\"color: #ff0000\">No<\/span> me gust<span style=\"color: #0000ff\">a el caf\u00e9<\/span>.<\/h3>\n<p>[\/et_pb_slide][\/et_pb_fullwidth_slider][\/et_pb_section]<\/p>\n","protected":false},"excerpt":{"rendered":"<p>Las cosas que le gustan a la profesora Kelly El postre Me gusta el postre. No me gusta\u00a0el postre. Los macarons Me gustan los macarons. No me gustan los macarons. El caf\u00e9 Me gusta el caf\u00e9. No me gusta el caf\u00e9.<\/p>\n","protected":false},"author":2,"featured_media":0,"parent":0,"menu_order":0,"comment_status":"closed","ping_status":"closed","template":"page-template-blank.php","meta":{"_et_pb_use_builder":"on","_et_pb_old_content":"","_et_gb_content_width":"","footnotes":""},"class_list":["post-721","page","type-page","status-publish","hentry"],"_links":{"self":[{"href":"https:\/\/staff.fullcoll.edu\/kkim\/wp-json\/wp\/v2\/pages\/721","targetHints":{"allow":["GET"]}}],"collection":[{"href":"https:\/\/staff.fullcoll.edu\/kkim\/wp-json\/wp\/v2\/pages"}],"about":[{"href":"https:\/\/staff.fullcoll.edu\/kkim\/wp-json\/wp\/v2\/types\/page"}],"author":[{"embeddable":true,"href":"https:\/\/staff.fullcoll.edu\/kkim\/wp-json\/wp\/v2\/users\/2"}],"replies":[{"embeddable":true,"href":"https:\/\/staff.fullcoll.edu\/kkim\/wp-json\/wp\/v2\/comments?post=721"}],"version-history":[{"count":38,"href":"https:\/\/staff.fullcoll.edu\/kkim\/wp-json\/wp\/v2\/pages\/721\/revisions"}],"predecessor-version":[{"id":1314,"href":"https:\/\/staff.fullcoll.edu\/kkim\/wp-json\/wp\/v2\/pages\/721\/revisions\/1314"}],"wp:attachment":[{"href":"https:\/\/staff.fullcoll.edu\/kkim\/wp-json\/wp\/v2\/media?parent=721"}],"curies":[{"name":"wp","href":"https:\/\/api.w.org\/{rel}","templated":true}]}}